{"id":20,"date":"2018-02-20T11:56:39","date_gmt":"2018-02-20T10:56:39","guid":{"rendered":"https:\/\/www.foldoutladders.com\/?page_id=20"},"modified":"2023-12-12T09:54:54","modified_gmt":"2023-12-12T08:54:54","slug":"contact","status":"publish","type":"page","link":"https:\/\/www.foldoutladders.com\/da\/contact\/","title":{"rendered":"Kontakt os"},"content":{"rendered":"<div data-elementor-type=\"wp-post\" data-elementor-id=\"20\" class=\"elementor elementor-20\" data-elementor-post-type=\"page\">\n\t\t\t\t\t\t<section class=\"elementor-section elementor-top-section elementor-element elementor-element-f5e30eb elementor-section-boxed elementor-section-height-default elementor-section-height-default\" data-id=\"f5e30eb\" data-element_type=\"section\">\n\t\t\t\t\t\t<div class=\"elementor-container elementor-column-gap-default\">\n\t\t\t\t\t<div class=\"elementor-column elementor-col-100 elementor-top-column elementor-element elementor-element-82947de\" data-id=\"82947de\" data-element_type=\"column\">\n\t\t\t<div class=\"elementor-widget-wrap elementor-element-populated\">\n\t\t\t\t\t\t<div class=\"elementor-element elementor-element-5bd9784 elementor-widget elementor-widget-heading\" data-id=\"5bd9784\" data-element_type=\"widget\" data-widget_type=\"heading.default\">\n\t\t\t\t<div class=\"elementor-widget-container\">\n\t\t\t\t\t<h2 class=\"elementor-heading-title elementor-size-default\">Vi vil meget gerne h\u00f8re fra dig<\/h2>\t\t\t\t<\/div>\n\t\t\t\t<\/div>\n\t\t\t\t<div class=\"elementor-element elementor-element-a2ac489 elementor-align-center elementor-icon-list--layout-traditional elementor-list-item-link-full_width elementor-widget elementor-widget-icon-list\" data-id=\"a2ac489\" data-element_type=\"widget\" data-widget_type=\"icon-list.default\">\n\t\t\t\t<div class=\"elementor-widget-container\">\n\t\t\t\t\t\t\t<ul class=\"elementor-icon-list-items\">\n\t\t\t\t\t\t\t<li class=\"elementor-icon-list-item\">\n\t\t\t\t\t\t\t\t\t\t\t<span class=\"elementor-icon-list-icon\">\n\t\t\t\t\t\t\t\t\t\t\t\t\t\t\t\t<i class=\"fa fa-headphones\" aria-hidden=\"true\"><\/i>\n\t\t\t\t\t\t\t\t\t\t\t\t\t<\/span>\n\t\t\t\t\t\t\t\t\t\t<span class=\"elementor-icon-list-text\">08:00-16:00<\/span>\n\t\t\t\t\t\t\t\t\t<\/li>\n\t\t\t\t\t\t<\/ul>\n\t\t\t\t\t\t<\/div>\n\t\t\t\t<\/div>\n\t\t\t\t<div class=\"elementor-element elementor-element-7fb3908 elementor-widget-divider--view-line elementor-widget elementor-widget-divider\" data-id=\"7fb3908\" data-element_type=\"widget\" data-widget_type=\"divider.default\">\n\t\t\t\t<div class=\"elementor-widget-container\">\n\t\t\t\t\t\t\t<div class=\"elementor-divider\">\n\t\t\t<span class=\"elementor-divider-separator\">\n\t\t\t\t\t\t<\/span>\n\t\t<\/div>\n\t\t\t\t\t\t<\/div>\n\t\t\t\t<\/div>\n\t\t\t\t<div class=\"elementor-element elementor-element-64b63a7 elementor-icon-list--layout-inline elementor-align-center elementor-list-item-link-full_width elementor-widget elementor-widget-icon-list\" data-id=\"64b63a7\" data-element_type=\"widget\" data-widget_type=\"icon-list.default\">\n\t\t\t\t<div class=\"elementor-widget-container\">\n\t\t\t\t\t\t\t<ul class=\"elementor-icon-list-items elementor-inline-items\">\n\t\t\t\t\t\t\t<li class=\"elementor-icon-list-item elementor-inline-item\">\n\t\t\t\t\t\t\t\t\t\t\t<span class=\"elementor-icon-list-icon\">\n\t\t\t\t\t\t\t<i aria-hidden=\"true\" class=\"fas fa-phone\"><\/i>\t\t\t\t\t\t<\/span>\n\t\t\t\t\t\t\t\t\t\t<span class=\"elementor-icon-list-text\">+47 930 39 861<\/span>\n\t\t\t\t\t\t\t\t\t<\/li>\n\t\t\t\t\t\t\t\t<li class=\"elementor-icon-list-item elementor-inline-item\">\n\t\t\t\t\t\t\t\t\t\t\t<a href=\"mailto:contact@foldoutladders.com\">\n\n\t\t\t\t\t\t\t\t\t\t\t\t<span class=\"elementor-icon-list-icon\">\n\t\t\t\t\t\t\t<i aria-hidden=\"true\" class=\"fas fa-envelope\"><\/i>\t\t\t\t\t\t<\/span>\n\t\t\t\t\t\t\t\t\t\t<span class=\"elementor-icon-list-text\">contact@foldoutladders.com<\/span>\n\t\t\t\t\t\t\t\t\t\t\t<\/a>\n\t\t\t\t\t\t\t\t\t<\/li>\n\t\t\t\t\t\t<\/ul>\n\t\t\t\t\t\t<\/div>\n\t\t\t\t<\/div>\n\t\t\t\t<div class=\"elementor-element elementor-element-02d0f0d elementor-widget elementor-widget-text-editor\" data-id=\"02d0f0d\" data-element_type=\"widget\" data-widget_type=\"text-editor.default\">\n\t\t\t\t<div class=\"elementor-widget-container\">\n\t\t\t\t\t\t\t\t\t<p>Hvis du har nogle sp\u00f8rgsm\u00e5l, s\u00e5 kan du kontakte os ved at bruge formularen nedenfor. Vi opfordrer dig ogs\u00e5 til at l\u00e6se vores <a style=\"text-decoration-line: underline;\" href=\"https:\/\/www.foldoutladders.com\/da\/faq\/\">ofte stillede sp\u00f8rgsm\u00e5l side<\/a>.<\/p>\t\t\t\t\t\t\t\t<\/div>\n\t\t\t\t<\/div>\n\t\t\t\t<section class=\"elementor-section elementor-inner-section elementor-element elementor-element-12566f0 elementor-section-boxed elementor-section-height-default elementor-section-height-default\" data-id=\"12566f0\" data-element_type=\"section\">\n\t\t\t\t\t\t<div class=\"elementor-container elementor-column-gap-default\">\n\t\t\t\t\t<div class=\"elementor-column elementor-col-100 elementor-inner-column elementor-element elementor-element-24e206a\" data-id=\"24e206a\" data-element_type=\"column\">\n\t\t\t<div class=\"elementor-widget-wrap elementor-element-populated\">\n\t\t\t\t\t\t<div class=\"elementor-element elementor-element-50fb225 elementor-button-align-stretch elementor-widget elementor-widget-form\" data-id=\"50fb225\" data-element_type=\"widget\" data-settings=\"{&quot;step_next_label&quot;:&quot;Next&quot;,&quot;step_previous_label&quot;:&quot;Previous&quot;,&quot;button_width&quot;:&quot;100&quot;,&quot;step_type&quot;:&quot;number_text&quot;,&quot;step_icon_shape&quot;:&quot;circle&quot;}\" data-widget_type=\"form.default\">\n\t\t\t\t<div class=\"elementor-widget-container\">\n\t\t\t\t\t\t\t<form class=\"elementor-form\" method=\"post\" name=\"New Form\" action=\"\">\n\t\t\t<input type=\"hidden\" name=\"post_id\" value=\"20\"\/>\n\t\t\t<input type=\"hidden\" name=\"form_id\" value=\"50fb225\"\/>\n\t\t\t<input type=\"hidden\" name=\"referer_title\" value=\"Contact Us - Foldoutladders.com - We would love to hear from you\" \/>\n\n\t\t\t\t\t\t\t<input type=\"hidden\" name=\"queried_id\" value=\"20\"\/>\n\t\t\t\n\t\t\t<div class=\"elementor-form-fields-wrapper elementor-labels-\">\n\t\t\t\t\t\t\t\t<div class=\"elementor-field-type-text elementor-field-group elementor-column elementor-field-group-name elementor-col-100\">\n\t\t\t\t\t\t\t\t\t\t\t\t<label for=\"form-field-name\" class=\"elementor-field-label elementor-screen-only\">\n\t\t\t\t\t\t\t\tDit navn\t\t\t\t\t\t\t<\/label>\n\t\t\t\t\t\t\t\t\t\t\t\t\t\t<input size=\"1\" type=\"text\" name=\"form_fields[name]\" id=\"form-field-name\" class=\"elementor-field elementor-size-sm  elementor-field-textual\" placeholder=\"Dit navn\">\n\t\t\t\t\t\t\t\t\t\t\t<\/div>\n\t\t\t\t\t\t\t\t<div class=\"elementor-field-type-email elementor-field-group elementor-column elementor-field-group-email elementor-col-100 elementor-field-required\">\n\t\t\t\t\t\t\t\t\t\t\t\t<label for=\"form-field-email\" class=\"elementor-field-label elementor-screen-only\">\n\t\t\t\t\t\t\t\tDin e-mail\t\t\t\t\t\t\t<\/label>\n\t\t\t\t\t\t\t\t\t\t\t\t\t\t<input size=\"1\" type=\"email\" name=\"form_fields[email]\" id=\"form-field-email\" class=\"elementor-field elementor-size-sm  elementor-field-textual\" placeholder=\"Din e-mail\" required=\"required\" aria-required=\"true\">\n\t\t\t\t\t\t\t\t\t\t\t<\/div>\n\t\t\t\t\t\t\t\t<div class=\"elementor-field-type-textarea elementor-field-group elementor-column elementor-field-group-message elementor-col-100\">\n\t\t\t\t\t\t\t\t\t\t\t\t<label for=\"form-field-message\" class=\"elementor-field-label elementor-screen-only\">\n\t\t\t\t\t\t\t\tMessage\t\t\t\t\t\t\t<\/label>\n\t\t\t\t\t\t<textarea class=\"elementor-field-textual elementor-field  elementor-size-sm\" name=\"form_fields[message]\" id=\"form-field-message\" rows=\"4\" placeholder=\"Message\"><\/textarea>\t\t\t\t<\/div>\n\t\t\t\t\t\t\t\t<div class=\"elementor-field-type-recaptcha elementor-field-group elementor-column elementor-field-group-field_2 elementor-col-100\">\n\t\t\t\t\t<div class=\"elementor-field\" id=\"form-field-field_2\"><div class=\"elementor-g-recaptcha\" data-sitekey=\"6LeRprsZAAAAAO6OadpADDNq226UpeyaZ2zuZafk\" data-type=\"v2_checkbox\" data-theme=\"light\" data-size=\"normal\"><\/div><\/div>\t\t\t\t<\/div>\n\t\t\t\t\t\t\t\t<div class=\"elementor-field-group elementor-column elementor-field-type-submit elementor-col-100 e-form__buttons\">\n\t\t\t\t\t<button class=\"elementor-button elementor-size-sm\" type=\"submit\">\n\t\t\t\t\t\t<span class=\"elementor-button-content-wrapper\">\n\t\t\t\t\t\t\t\t\t\t\t\t\t\t\t\t\t\t\t\t\t\t<span class=\"elementor-button-text\">Send<\/span>\n\t\t\t\t\t\t\t\t\t\t\t\t\t<\/span>\n\t\t\t\t\t<\/button>\n\t\t\t\t<\/div>\n\t\t\t<\/div>\n\t\t<input type=\"hidden\" name=\"trp-form-language\" value=\"da\"\/><\/form>\n\t\t\t\t\t\t<\/div>\n\t\t\t\t<\/div>\n\t\t\t\t\t<\/div>\n\t\t<\/div>\n\t\t\t\t\t<\/div>\n\t\t<\/section>\n\t\t\t\t\t<\/div>\n\t\t<\/div>\n\t\t\t\t\t<\/div>\n\t\t<\/section>\n\t\t\t\t<\/div>","protected":false},"excerpt":{"rendered":"<p>We would love to hear from you 08:00-04:00 PM (CEST) +47 930 39 861 contact@foldoutladders.com If you have any questions feel free to get in touch using the form below. We also encourage you to read our FAQ-page.<\/p>","protected":false},"author":3,"featured_media":0,"parent":0,"menu_order":0,"comment_status":"closed","ping_status":"closed","template":"elementor_header_footer","meta":{"footnotes":""},"class_list":["post-20","page","type-page","status-publish"],"yoast_head":"<!-- This site is optimized with the Yoast SEO plugin v24.1 - https:\/\/yoast.com\/wordpress\/plugins\/seo\/ -->\r\n<title>Contact Us - Foldoutladders.com - We would love to hear from you<\/title>\r\n<meta name=\"description\" content=\"Call us or get in touch by using the contact form. Our customer service department is available from 08:00-04:00 PM (CEST). We would love to hear from you.\" \/>\r\n<meta name=\"robots\" content=\"index, follow, max-snippet:-1, max-image-preview:large, max-video-preview:-1\" \/>\r\n<link rel=\"canonical\" href=\"https:\/\/www.foldoutladders.com\/da\/contact\/\" \/>\r\n<meta property=\"og:locale\" content=\"da_DK\" \/>\r\n<meta property=\"og:type\" content=\"article\" \/>\r\n<meta property=\"og:title\" content=\"Contact Us - Foldoutladders.com - We would love to hear from you\" \/>\r\n<meta property=\"og:description\" content=\"Call us or get in touch by using the contact form. Our customer service department is available from 08:00-04:00 PM (CEST). We would love to hear from you.\" \/>\r\n<meta property=\"og:url\" content=\"https:\/\/www.foldoutladders.com\/da\/contact\/\" \/>\r\n<meta property=\"og:site_name\" content=\"Foldoutladders.com\" \/>\r\n<meta property=\"article:publisher\" content=\"https:\/\/nb-no.facebook.com\/sorlandsstigen\/\" \/>\r\n<meta property=\"article:modified_time\" content=\"2023-12-12T08:54:54+00:00\" \/>\r\n<meta name=\"twitter:card\" content=\"summary_large_image\" \/>\r\n<meta name=\"twitter:site\" content=\"@brannstiger\" \/>\r\n<meta name=\"twitter:label1\" content=\"Estimeret l\u00e6setid\" \/>\n\t<meta name=\"twitter:data1\" content=\"1 minut\" \/>\r\n<script type=\"application\/ld+json\" class=\"yoast-schema-graph\">{\"@context\":\"https:\/\/schema.org\",\"@graph\":[{\"@type\":\"WebPage\",\"@id\":\"https:\/\/www.foldoutladders.com\/contact\/\",\"url\":\"https:\/\/www.foldoutladders.com\/contact\/\",\"name\":\"Contact Us - Foldoutladders.com - We would love to hear from you\",\"isPartOf\":{\"@id\":\"https:\/\/www.foldoutladders.com\/#website\"},\"datePublished\":\"2018-02-20T10:56:39+00:00\",\"dateModified\":\"2023-12-12T08:54:54+00:00\",\"description\":\"Call us or get in touch by using the contact form. Our customer service department is available from 08:00-04:00 PM (CEST). We would love to hear from you.\",\"breadcrumb\":{\"@id\":\"https:\/\/www.foldoutladders.com\/contact\/#breadcrumb\"},\"inLanguage\":\"da-DK\",\"potentialAction\":[{\"@type\":\"ReadAction\",\"target\":[\"https:\/\/www.foldoutladders.com\/contact\/\"]}]},{\"@type\":\"BreadcrumbList\",\"@id\":\"https:\/\/www.foldoutladders.com\/contact\/#breadcrumb\",\"itemListElement\":[{\"@type\":\"ListItem\",\"position\":1,\"name\":\"Hjem\",\"item\":\"https:\/\/www.foldoutladders.com\/\"},{\"@type\":\"ListItem\",\"position\":2,\"name\":\"Contact\"}]},{\"@type\":\"WebSite\",\"@id\":\"https:\/\/www.foldoutladders.com\/#website\",\"url\":\"https:\/\/www.foldoutladders.com\/\",\"name\":\"Foldoutladders.com\",\"description\":\"\",\"publisher\":{\"@id\":\"https:\/\/www.foldoutladders.com\/#organization\"},\"potentialAction\":[{\"@type\":\"SearchAction\",\"target\":{\"@type\":\"EntryPoint\",\"urlTemplate\":\"https:\/\/www.foldoutladders.com\/?s={search_term_string}\"},\"query-input\":{\"@type\":\"PropertyValueSpecification\",\"valueRequired\":true,\"valueName\":\"search_term_string\"}}],\"inLanguage\":\"da-DK\"},{\"@type\":\"Organization\",\"@id\":\"https:\/\/www.foldoutladders.com\/#organization\",\"name\":\"S\u00f8rlandsstigen AS\",\"url\":\"https:\/\/www.foldoutladders.com\/\",\"logo\":{\"@type\":\"ImageObject\",\"inLanguage\":\"da-DK\",\"@id\":\"https:\/\/www.foldoutladders.com\/#\/schema\/logo\/image\/\",\"url\":\"https:\/\/www.foldoutladders.com\/wp-content\/uploads\/2018\/05\/foldoutladders-main-logo-2.png\",\"contentUrl\":\"https:\/\/www.foldoutladders.com\/wp-content\/uploads\/2018\/05\/foldoutladders-main-logo-2.png\",\"width\":801,\"height\":239,\"caption\":\"S\u00f8rlandsstigen AS\"},\"image\":{\"@id\":\"https:\/\/www.foldoutladders.com\/#\/schema\/logo\/image\/\"},\"sameAs\":[\"https:\/\/nb-no.facebook.com\/sorlandsstigen\/\",\"https:\/\/x.com\/brannstiger\"]}]}<\/script>\r\n<!-- \/ Yoast SEO plugin. -->","yoast_head_json":{"title":"Contact Us - Foldoutladders.com - We would love to hear from you","description":"Call us or get in touch by using the contact form. Our customer service department is available from 08:00-04:00 PM (CEST). We would love to hear from you.","robots":{"index":"index","follow":"follow","max-snippet":"max-snippet:-1","max-image-preview":"max-image-preview:large","max-video-preview":"max-video-preview:-1"},"canonical":"https:\/\/www.foldoutladders.com\/da\/contact\/","og_locale":"da_DK","og_type":"article","og_title":"Contact Us - Foldoutladders.com - We would love to hear from you","og_description":"Call us or get in touch by using the contact form. Our customer service department is available from 08:00-04:00 PM (CEST). We would love to hear from you.","og_url":"https:\/\/www.foldoutladders.com\/da\/contact\/","og_site_name":"Foldoutladders.com","article_publisher":"https:\/\/nb-no.facebook.com\/sorlandsstigen\/","article_modified_time":"2023-12-12T08:54:54+00:00","twitter_card":"summary_large_image","twitter_site":"@brannstiger","twitter_misc":{"Estimeret l\u00e6setid":"1 minut"},"schema":{"@context":"https:\/\/schema.org","@graph":[{"@type":"WebPage","@id":"https:\/\/www.foldoutladders.com\/contact\/","url":"https:\/\/www.foldoutladders.com\/contact\/","name":"Contact Us - Foldoutladders.com - We would love to hear from you","isPartOf":{"@id":"https:\/\/www.foldoutladders.com\/#website"},"datePublished":"2018-02-20T10:56:39+00:00","dateModified":"2023-12-12T08:54:54+00:00","description":"Call us or get in touch by using the contact form. Our customer service department is available from 08:00-04:00 PM (CEST). We would love to hear from you.","breadcrumb":{"@id":"https:\/\/www.foldoutladders.com\/contact\/#breadcrumb"},"inLanguage":"da-DK","potentialAction":[{"@type":"ReadAction","target":["https:\/\/www.foldoutladders.com\/contact\/"]}]},{"@type":"BreadcrumbList","@id":"https:\/\/www.foldoutladders.com\/contact\/#breadcrumb","itemListElement":[{"@type":"ListItem","position":1,"name":"Hjem","item":"https:\/\/www.foldoutladders.com\/"},{"@type":"ListItem","position":2,"name":"Contact"}]},{"@type":"WebSite","@id":"https:\/\/www.foldoutladders.com\/#website","url":"https:\/\/www.foldoutladders.com\/","name":"Foldoutladders.com","description":"","publisher":{"@id":"https:\/\/www.foldoutladders.com\/#organization"},"potentialAction":[{"@type":"SearchAction","target":{"@type":"EntryPoint","urlTemplate":"https:\/\/www.foldoutladders.com\/?s={search_term_string}"},"query-input":{"@type":"PropertyValueSpecification","valueRequired":true,"valueName":"search_term_string"}}],"inLanguage":"da-DK"},{"@type":"Organization","@id":"https:\/\/www.foldoutladders.com\/#organization","name":"S\u00f8rlandsstigen AS","url":"https:\/\/www.foldoutladders.com\/","logo":{"@type":"ImageObject","inLanguage":"da-DK","@id":"https:\/\/www.foldoutladders.com\/#\/schema\/logo\/image\/","url":"https:\/\/www.foldoutladders.com\/wp-content\/uploads\/2018\/05\/foldoutladders-main-logo-2.png","contentUrl":"https:\/\/www.foldoutladders.com\/wp-content\/uploads\/2018\/05\/foldoutladders-main-logo-2.png","width":801,"height":239,"caption":"S\u00f8rlandsstigen AS"},"image":{"@id":"https:\/\/www.foldoutladders.com\/#\/schema\/logo\/image\/"},"sameAs":["https:\/\/nb-no.facebook.com\/sorlandsstigen\/","https:\/\/x.com\/brannstiger"]}]}},"_links":{"self":[{"href":"https:\/\/www.foldoutladders.com\/da\/wp-json\/wp\/v2\/pages\/20","targetHints":{"allow":["GET"]}}],"collection":[{"href":"https:\/\/www.foldoutladders.com\/da\/wp-json\/wp\/v2\/pages"}],"about":[{"href":"https:\/\/www.foldoutladders.com\/da\/wp-json\/wp\/v2\/types\/page"}],"author":[{"embeddable":true,"href":"https:\/\/www.foldoutladders.com\/da\/wp-json\/wp\/v2\/users\/3"}],"replies":[{"embeddable":true,"href":"https:\/\/www.foldoutladders.com\/da\/wp-json\/wp\/v2\/comments?post=20"}],"version-history":[{"count":6,"href":"https:\/\/www.foldoutladders.com\/da\/wp-json\/wp\/v2\/pages\/20\/revisions"}],"predecessor-version":[{"id":1709,"href":"https:\/\/www.foldoutladders.com\/da\/wp-json\/wp\/v2\/pages\/20\/revisions\/1709"}],"wp:attachment":[{"href":"https:\/\/www.foldoutladders.com\/da\/wp-json\/wp\/v2\/media?parent=20"}],"curies":[{"name":"wp","href":"https:\/\/api.w.org\/{rel}","templated":true}]}}